{"id":804,"date":"2026-03-20T23:39:16","date_gmt":"2026-03-20T23:39:16","guid":{"rendered":"https:\/\/kubiccki.pl\/?page_id=804"},"modified":"2026-03-21T00:51:05","modified_gmt":"2026-03-21T00:51:05","slug":"kaspar-cialo-pod-presja-teatr-ktory-nie-daje-wyjscia","status":"publish","type":"page","link":"https:\/\/kubiccki.pl\/index.php\/kaspar-cialo-pod-presja-teatr-ktory-nie-daje-wyjscia\/","title":{"rendered":"Kaspar Teatr Biuro Podr\u00f3\u017cy"},"content":{"rendered":"\n<p>Wyszed\u0142em z \u201eKaspara\u201d i przez chwil\u0119 nie by\u0142em pewien, czy to jeszcze teatr, czy ju\u017c co\u015b znacznie bli\u017cszego rzeczywisto\u015bci.<\/p>\n\n\n\n<p>Kto\u015b podtrzymuje g\u0142ow\u0119.<br>Kto\u015b patrzy z g\u00f3ry.<\/p>\n\n\n\n<p>Najgorsze nie jest to, co widzisz. Najgorsze jest to, \u017ce zaczynasz to rozumie\u0107.<\/p>\n\n\n\n<figure class=\"wp-block-image size-large\"><img loading=\"lazy\" decoding=\"async\" width=\"1024\" height=\"724\" src=\"https:\/\/kubiccki.pl\/wp-content\/uploads\/2026\/03\/481309585_944548337887324_7265473627062013948_n-1024x724.jpg\" alt=\"\" class=\"wp-image-826\" srcset=\"https:\/\/kubiccki.pl\/wp-content\/uploads\/2026\/03\/481309585_944548337887324_7265473627062013948_n-1024x724.jpg 1024w, https:\/\/kubiccki.pl\/wp-content\/uploads\/2026\/03\/481309585_944548337887324_7265473627062013948_n-300x212.jpg 300w, https:\/\/kubiccki.pl\/wp-content\/uploads\/2026\/03\/481309585_944548337887324_7265473627062013948_n-768x543.jpg 768w, https:\/\/kubiccki.pl\/wp-content\/uploads\/2026\/03\/481309585_944548337887324_7265473627062013948_n-1536x1086.jpg 1536w, https:\/\/kubiccki.pl\/wp-content\/uploads\/2026\/03\/481309585_944548337887324_7265473627062013948_n.jpg 2000w\" sizes=\"auto, (max-width: 1024px) 100vw, 1024px\" \/><\/figure>\n\n\n\n<p>\u201ePotem pojawia si\u0119 ogie\u0144.<\/p>\n\n\n\n<p>Nie jako efekt.<br>Jako sygna\u0142.<\/p>\n\n\n\n<p>Kto\u015b trzyma p\u0142omie\u0144 jak narz\u0119dzie, nie jak \u015bwiat\u0142o.<br>Jakby chcia\u0142 co\u015b sprawdzi\u0107.<\/p>\n\n\n\n<p>I nagle robi si\u0119 jasne:<br>tu nie chodzi o pokaz. Tu chodzi o pr\u00f3b\u0119.<\/p>\n\n\n\n<figure class=\"wp-block-image size-large\"><img loading=\"lazy\" decoding=\"async\" width=\"1024\" height=\"724\" src=\"https:\/\/kubiccki.pl\/wp-content\/uploads\/2026\/03\/482350474_944548081220683_2849650275785680169_n-1024x724.jpg\" alt=\"\" class=\"wp-image-809\" srcset=\"https:\/\/kubiccki.pl\/wp-content\/uploads\/2026\/03\/482350474_944548081220683_2849650275785680169_n-1024x724.jpg 1024w, https:\/\/kubiccki.pl\/wp-content\/uploads\/2026\/03\/482350474_944548081220683_2849650275785680169_n-300x212.jpg 300w, https:\/\/kubiccki.pl\/wp-content\/uploads\/2026\/03\/482350474_944548081220683_2849650275785680169_n-768x543.jpg 768w, https:\/\/kubiccki.pl\/wp-content\/uploads\/2026\/03\/482350474_944548081220683_2849650275785680169_n-1536x1086.jpg 1536w, https:\/\/kubiccki.pl\/wp-content\/uploads\/2026\/03\/482350474_944548081220683_2849650275785680169_n.jpg 2000w\" sizes=\"auto, (max-width: 1024px) 100vw, 1024px\" \/><\/figure>\n\n\n\n<p>Drabina przecina przestrze\u0144 jak wyrok.<\/p>\n\n\n\n<p>Nie prowadzi w g\u00f3r\u0119.<br>Nie daje wyboru.<\/p>\n\n\n\n<p>To nie jest droga.<br>To jest konstrukcja.<\/p>\n\n\n\n<p>Mo\u017cesz si\u0119 wspina\u0107.<br>Mo\u017cesz spa\u015b\u0107.<\/p>\n\n\n\n<p>Ale i tak zostajesz w \u015brodku.<\/p>\n\n\n\n<figure class=\"wp-block-image size-large\"><img loading=\"lazy\" decoding=\"async\" width=\"1024\" height=\"724\" src=\"https:\/\/kubiccki.pl\/wp-content\/uploads\/2026\/03\/481477183_944548357887322_2473469575221787131_n-1024x724.jpg\" alt=\"\" class=\"wp-image-810\" srcset=\"https:\/\/kubiccki.pl\/wp-content\/uploads\/2026\/03\/481477183_944548357887322_2473469575221787131_n-1024x724.jpg 1024w, https:\/\/kubiccki.pl\/wp-content\/uploads\/2026\/03\/481477183_944548357887322_2473469575221787131_n-300x212.jpg 300w, https:\/\/kubiccki.pl\/wp-content\/uploads\/2026\/03\/481477183_944548357887322_2473469575221787131_n-768x543.jpg 768w, https:\/\/kubiccki.pl\/wp-content\/uploads\/2026\/03\/481477183_944548357887322_2473469575221787131_n-1536x1086.jpg 1536w, https:\/\/kubiccki.pl\/wp-content\/uploads\/2026\/03\/481477183_944548357887322_2473469575221787131_n.jpg 2000w\" sizes=\"auto, (max-width: 1024px) 100vw, 1024px\" \/><\/figure>\n\n\n\n<p>Najbardziej boli moment, kt\u00f3ry wygl\u0105da niewinnie.<\/p>\n\n\n\n<p>Woda.<\/p>\n\n\n\n<p>Przez sekund\u0119 my\u015blisz: oczyszczenie.<br>Po chwili widzisz, \u017ce to procedura.<\/p>\n\n\n\n<p>Kto\u015b leje.<br>Kto\u015b przytrzymuje.<\/p>\n\n\n\n<p>Cia\u0142o nie decyduje.<\/p>\n\n\n\n<p>I nagle wszystko robi si\u0119 zbyt znajome.<\/p>\n\n\n\n<figure class=\"wp-block-image size-large\"><img loading=\"lazy\" decoding=\"async\" width=\"1024\" height=\"724\" src=\"https:\/\/kubiccki.pl\/wp-content\/uploads\/2026\/03\/481279787_944548457887312_7596721882196608519_n-1024x724.jpg\" alt=\"\" class=\"wp-image-811\" srcset=\"https:\/\/kubiccki.pl\/wp-content\/uploads\/2026\/03\/481279787_944548457887312_7596721882196608519_n-1024x724.jpg 1024w, https:\/\/kubiccki.pl\/wp-content\/uploads\/2026\/03\/481279787_944548457887312_7596721882196608519_n-300x212.jpg 300w, https:\/\/kubiccki.pl\/wp-content\/uploads\/2026\/03\/481279787_944548457887312_7596721882196608519_n-768x543.jpg 768w, https:\/\/kubiccki.pl\/wp-content\/uploads\/2026\/03\/481279787_944548457887312_7596721882196608519_n-1536x1086.jpg 1536w, https:\/\/kubiccki.pl\/wp-content\/uploads\/2026\/03\/481279787_944548457887312_7596721882196608519_n.jpg 2000w\" sizes=\"auto, (max-width: 1024px) 100vw, 1024px\" \/><\/figure>\n\n\n\n<p>Cia\u0142o zaczyna m\u00f3wi\u0107 j\u0119zykiem, kt\u00f3rego nie da si\u0119 udawa\u0107.<\/p>\n\n\n\n<p>Napi\u0119cie.<br>Skurcz.<br>Ucieczka, kt\u00f3ra nie ma gdzie p\u00f3j\u015b\u0107.<\/p>\n\n\n\n<p>To nie jest gra.<\/p>\n\n\n\n<p>To jest moment, w kt\u00f3rym widz przestaje by\u0107 bezpieczny.<\/p>\n\n\n\n<figure class=\"wp-block-image size-large\"><img loading=\"lazy\" decoding=\"async\" width=\"1024\" height=\"724\" src=\"https:\/\/kubiccki.pl\/wp-content\/uploads\/2026\/03\/481906463_944548104554014_4691769833812577617_n-1024x724.jpg\" alt=\"\" class=\"wp-image-812\" srcset=\"https:\/\/kubiccki.pl\/wp-content\/uploads\/2026\/03\/481906463_944548104554014_4691769833812577617_n-1024x724.jpg 1024w, https:\/\/kubiccki.pl\/wp-content\/uploads\/2026\/03\/481906463_944548104554014_4691769833812577617_n-300x212.jpg 300w, https:\/\/kubiccki.pl\/wp-content\/uploads\/2026\/03\/481906463_944548104554014_4691769833812577617_n-768x543.jpg 768w, https:\/\/kubiccki.pl\/wp-content\/uploads\/2026\/03\/481906463_944548104554014_4691769833812577617_n-1536x1086.jpg 1536w, https:\/\/kubiccki.pl\/wp-content\/uploads\/2026\/03\/481906463_944548104554014_4691769833812577617_n.jpg 2000w\" sizes=\"auto, (max-width: 1024px) 100vw, 1024px\" \/><\/figure>\n\n\n\n<p>\u015awiat\u0142o nie pomaga.<\/p>\n\n\n\n<p>\u015awiat\u0142o tu nie prowadzi.<br>\u015awiat\u0142o wybiera.<\/p>\n\n\n\n<p>Wyci\u0105ga z ciemno\u015bci dok\u0142adnie to, co ma zabole\u0107,<br>i zostawia reszt\u0119 w cieniu.<\/p>\n\n\n\n<p>Jakby m\u00f3wi\u0142o:<\/p>\n\n\n\n<p>\u201eReszt\u0119 ju\u017c znasz.\u201d<\/p>\n\n\n\n<figure class=\"wp-block-image size-large\"><img loading=\"lazy\" decoding=\"async\" width=\"1024\" height=\"724\" src=\"https:\/\/kubiccki.pl\/wp-content\/uploads\/2026\/03\/481662972_944548077887350_2847180146980083731_n-1024x724.jpg\" alt=\"\" class=\"wp-image-813\" srcset=\"https:\/\/kubiccki.pl\/wp-content\/uploads\/2026\/03\/481662972_944548077887350_2847180146980083731_n-1024x724.jpg 1024w, https:\/\/kubiccki.pl\/wp-content\/uploads\/2026\/03\/481662972_944548077887350_2847180146980083731_n-300x212.jpg 300w, https:\/\/kubiccki.pl\/wp-content\/uploads\/2026\/03\/481662972_944548077887350_2847180146980083731_n-768x543.jpg 768w, https:\/\/kubiccki.pl\/wp-content\/uploads\/2026\/03\/481662972_944548077887350_2847180146980083731_n-1536x1086.jpg 1536w, https:\/\/kubiccki.pl\/wp-content\/uploads\/2026\/03\/481662972_944548077887350_2847180146980083731_n.jpg 2000w\" sizes=\"auto, (max-width: 1024px) 100vw, 1024px\" \/><\/figure>\n\n\n\n<p>W pewnym momencie przestajesz patrze\u0107 na jednostk\u0119.<\/p>\n\n\n\n<p>Zaczynasz widzie\u0107 uk\u0142ad.<\/p>\n\n\n\n<p>Cia\u0142a prowadz\u0105 cia\u0142o.<br>Ruch wymusza ruch.<br>Gest rodzi kolejny gest.<\/p>\n\n\n\n<p>To ju\u017c nie jest historia.<\/p>\n\n\n\n<p>To jest mechanizm.<\/p>\n\n\n\n<figure class=\"wp-block-image size-large\"><img loading=\"lazy\" decoding=\"async\" width=\"1024\" height=\"724\" src=\"https:\/\/kubiccki.pl\/wp-content\/uploads\/2026\/03\/481456783_944547997887358_1058962018060560075_n-1024x724.jpg\" alt=\"\" class=\"wp-image-814\" srcset=\"https:\/\/kubiccki.pl\/wp-content\/uploads\/2026\/03\/481456783_944547997887358_1058962018060560075_n-1024x724.jpg 1024w, https:\/\/kubiccki.pl\/wp-content\/uploads\/2026\/03\/481456783_944547997887358_1058962018060560075_n-300x212.jpg 300w, https:\/\/kubiccki.pl\/wp-content\/uploads\/2026\/03\/481456783_944547997887358_1058962018060560075_n-768x543.jpg 768w, https:\/\/kubiccki.pl\/wp-content\/uploads\/2026\/03\/481456783_944547997887358_1058962018060560075_n-1536x1086.jpg 1536w, https:\/\/kubiccki.pl\/wp-content\/uploads\/2026\/03\/481456783_944547997887358_1058962018060560075_n.jpg 2000w\" sizes=\"auto, (max-width: 1024px) 100vw, 1024px\" \/><\/figure>\n\n\n\n<p>I wtedy pojawia si\u0119 co\u015b jeszcze gorszego.<\/p>\n\n\n\n<p>Odbicie.<\/p>\n\n\n\n<p>Nie takie, kt\u00f3re pokazuje twarz.<br>Takie, kt\u00f3re zadaje pytanie.<\/p>\n\n\n\n<p>Kim jeste\u015b, kiedy kto\u015b inny ustawia Twoje cia\u0142o?<\/p>\n\n\n\n<p>I ile z Ciebie zostaje, kiedy przestajesz decydowa\u0107?<\/p>\n\n\n\n<figure class=\"wp-block-image size-large\"><img loading=\"lazy\" decoding=\"async\" width=\"1024\" height=\"724\" src=\"https:\/\/kubiccki.pl\/wp-content\/uploads\/2026\/03\/481179851_944548444553980_6997730511448819798_n-1024x724.jpg\" alt=\"\" class=\"wp-image-815\" srcset=\"https:\/\/kubiccki.pl\/wp-content\/uploads\/2026\/03\/481179851_944548444553980_6997730511448819798_n-1024x724.jpg 1024w, https:\/\/kubiccki.pl\/wp-content\/uploads\/2026\/03\/481179851_944548444553980_6997730511448819798_n-300x212.jpg 300w, https:\/\/kubiccki.pl\/wp-content\/uploads\/2026\/03\/481179851_944548444553980_6997730511448819798_n-768x543.jpg 768w, https:\/\/kubiccki.pl\/wp-content\/uploads\/2026\/03\/481179851_944548444553980_6997730511448819798_n-1536x1086.jpg 1536w, https:\/\/kubiccki.pl\/wp-content\/uploads\/2026\/03\/481179851_944548444553980_6997730511448819798_n.jpg 2000w\" sizes=\"auto, (max-width: 1024px) 100vw, 1024px\" \/><\/figure>\n\n\n\n<p>Najbardziej niepokoj\u0105ce jest to, \u017ce to nie wygl\u0105da jak przemoc.<\/p>\n\n\n\n<p>Wygl\u0105da jak opieka.<\/p>\n\n\n\n<p>Jak proces.<br>Jak co\u015b, co robimy \u201edla dobra\u201d.<\/p>\n\n\n\n<p>I w\u0142a\u015bnie dlatego dzia\u0142a.<\/p>\n\n\n\n<figure class=\"wp-block-image size-large\"><img loading=\"lazy\" decoding=\"async\" width=\"1024\" height=\"724\" src=\"https:\/\/kubiccki.pl\/wp-content\/uploads\/2026\/03\/481208295_944548327887325_2747848855915950887_n-1024x724.jpg\" alt=\"\" class=\"wp-image-817\" srcset=\"https:\/\/kubiccki.pl\/wp-content\/uploads\/2026\/03\/481208295_944548327887325_2747848855915950887_n-1024x724.jpg 1024w, https:\/\/kubiccki.pl\/wp-content\/uploads\/2026\/03\/481208295_944548327887325_2747848855915950887_n-300x212.jpg 300w, https:\/\/kubiccki.pl\/wp-content\/uploads\/2026\/03\/481208295_944548327887325_2747848855915950887_n-768x543.jpg 768w, https:\/\/kubiccki.pl\/wp-content\/uploads\/2026\/03\/481208295_944548327887325_2747848855915950887_n-1536x1086.jpg 1536w, https:\/\/kubiccki.pl\/wp-content\/uploads\/2026\/03\/481208295_944548327887325_2747848855915950887_n.jpg 2000w\" sizes=\"auto, (max-width: 1024px) 100vw, 1024px\" \/><\/figure>\n\n\n\n<p>To nie jest spektakl o Kasparze.<\/p>\n\n\n\n<p>To jest spektakl o tym, jak \u0142atwo cz\u0142owieka \u201enaprawi\u0107\u201d,<br>je\u015bli robi si\u0119 to wystarczaj\u0105co d\u0142ugo.<\/p>\n\n\n\n<p>Najpierw uczysz.<br>Potem poprawiasz.<br>Potem ustawiasz.<\/p>\n\n\n\n<p>A kiedy przestaje si\u0119 opiera\u0107 m\u00f3wisz, \u017ce wszystko dzia\u0142a.<\/p>\n\n\n\n<figure class=\"wp-block-image size-large\"><img loading=\"lazy\" decoding=\"async\" width=\"1024\" height=\"724\" src=\"https:\/\/kubiccki.pl\/wp-content\/uploads\/2026\/03\/481222715_944548351220656_3847194024182806096_n-1024x724.jpg\" alt=\"\" class=\"wp-image-822\" srcset=\"https:\/\/kubiccki.pl\/wp-content\/uploads\/2026\/03\/481222715_944548351220656_3847194024182806096_n-1024x724.jpg 1024w, https:\/\/kubiccki.pl\/wp-content\/uploads\/2026\/03\/481222715_944548351220656_3847194024182806096_n-300x212.jpg 300w, https:\/\/kubiccki.pl\/wp-content\/uploads\/2026\/03\/481222715_944548351220656_3847194024182806096_n-768x543.jpg 768w, https:\/\/kubiccki.pl\/wp-content\/uploads\/2026\/03\/481222715_944548351220656_3847194024182806096_n-1536x1086.jpg 1536w, https:\/\/kubiccki.pl\/wp-content\/uploads\/2026\/03\/481222715_944548351220656_3847194024182806096_n.jpg 2000w\" sizes=\"auto, (max-width: 1024px) 100vw, 1024px\" \/><\/figure>\n\n\n\n<p>Po wszystkim nie pami\u0119tam kolejno\u015bci scen.<\/p>\n\n\n\n<p>Pami\u0119tam obrazy.<\/p>\n\n\n\n<p>Wod\u0119, kt\u00f3ra nie uspokaja.<br>Ogie\u0144, kt\u00f3ry nie daje ciep\u0142a.<br>Cia\u0142o, kt\u00f3re przestaje by\u0107 swoje.<\/p>\n\n\n\n<figure class=\"wp-block-image size-large\"><img loading=\"lazy\" decoding=\"async\" width=\"1024\" height=\"724\" src=\"https:\/\/kubiccki.pl\/wp-content\/uploads\/2026\/03\/481166659_944548414553983_7114121253088767665_n-1024x724.jpg\" alt=\"\" class=\"wp-image-823\" srcset=\"https:\/\/kubiccki.pl\/wp-content\/uploads\/2026\/03\/481166659_944548414553983_7114121253088767665_n-1024x724.jpg 1024w, https:\/\/kubiccki.pl\/wp-content\/uploads\/2026\/03\/481166659_944548414553983_7114121253088767665_n-300x212.jpg 300w, https:\/\/kubiccki.pl\/wp-content\/uploads\/2026\/03\/481166659_944548414553983_7114121253088767665_n-768x543.jpg 768w, https:\/\/kubiccki.pl\/wp-content\/uploads\/2026\/03\/481166659_944548414553983_7114121253088767665_n-1536x1086.jpg 1536w, https:\/\/kubiccki.pl\/wp-content\/uploads\/2026\/03\/481166659_944548414553983_7114121253088767665_n.jpg 2000w\" sizes=\"auto, (max-width: 1024px) 100vw, 1024px\" \/><\/figure>\n\n\n\n<p>I cisz\u0119.<\/p>\n\n\n\n<p>Tak\u0105, kt\u00f3ra nie ko\u0144czy spektaklu tylko zaczyna co\u015b w g\u0142owie. I wtedy pojawia si\u0119 najgorsze pytanie: czy to jeszcze teatr\u2026 czy ju\u017c co\u015b, co znamy a\u017c za dobrze?<\/p>\n\n\n\n<p><strong>Tekst i fotografie: Krzysztof Kubicki<\/strong><br>KUBICCKI 2026<\/p>\n","protected":false},"excerpt":{"rendered":"<p>Wyszed\u0142em z \u201eKaspara\u201d i przez chwil\u0119 nie by\u0142em pewien, czy to jeszcze teatr, czy ju\u017c co\u015b znacznie bli\u017cszego rzeczywisto\u015bci. Kto\u015b podtrzymuje g\u0142ow\u0119.Kto\u015b patrzy z g\u00f3ry. Najgorsze nie jest to, co widzisz. Najgorsze jest to, \u017ce zaczynasz to rozumie\u0107. \u201ePotem pojawia si\u0119 ogie\u0144. Nie jako efekt.Jako sygna\u0142. Kto\u015b trzyma p\u0142omie\u0144 jak narz\u0119dzie, nie jak \u015bwiat\u0142o.Jakby chcia\u0142 [&hellip;]<\/p>\n","protected":false},"author":1,"featured_media":805,"parent":0,"menu_order":0,"comment_status":"closed","ping_status":"closed","template":"","meta":{"footnotes":""},"class_list":["post-804","page","type-page","status-publish","has-post-thumbnail","hentry"],"featured_image_url":{"thumbnail":"https:\/\/kubiccki.pl\/wp-content\/uploads\/2026\/03\/482220221_944548364553988_1631277883560453704_n-150x150.jpg","medium":"https:\/\/kubiccki.pl\/wp-content\/uploads\/2026\/03\/482220221_944548364553988_1631277883560453704_n-300x212.jpg","medium_large":"https:\/\/kubiccki.pl\/wp-content\/uploads\/2026\/03\/482220221_944548364553988_1631277883560453704_n-768x543.jpg","large":"https:\/\/kubiccki.pl\/wp-content\/uploads\/2026\/03\/482220221_944548364553988_1631277883560453704_n-1024x724.jpg","1536x1536":"https:\/\/kubiccki.pl\/wp-content\/uploads\/2026\/03\/482220221_944548364553988_1631277883560453704_n-1536x1086.jpg","2048x2048":"https:\/\/kubiccki.pl\/wp-content\/uploads\/2026\/03\/482220221_944548364553988_1631277883560453704_n.jpg"},"post_author":"admin","assigned_categories":"","yoast_head":"<!-- This site is optimized with the Yoast SEO plugin v27.4 - https:\/\/yoast.com\/product\/yoast-seo-wordpress\/ -->\n<title>Kaspar Teatr Biuro Podr\u00f3\u017cy -<\/title>\n<meta name=\"description\" content=\"Fotoreporta\u017c ze spektaklu \u201eKaspar\u201d Teatru Biuro Podr\u00f3\u017cy. Surowe obrazy cia\u0142a, napi\u0119cia i rytua\u0142u uchwycone w teatralnym \u015bwietle i cieniu.\" \/>\n<meta name=\"robots\" content=\"index, follow, max-snippet:-1, max-image-preview:large, max-video-preview:-1\" \/>\n<link rel=\"canonical\" href=\"https:\/\/kubiccki.pl\/index.php\/kaspar-cialo-pod-presja-teatr-ktory-nie-daje-wyjscia\/\" \/>\n<meta property=\"og:locale\" content=\"pl_PL\" \/>\n<meta property=\"og:type\" content=\"article\" \/>\n<meta property=\"og:description\" content=\"Kaspar Teatr Biuro Podr\u00f3\u017cy\" \/>\n<meta property=\"og:url\" content=\"https:\/\/kubiccki.pl\/index.php\/kaspar-cialo-pod-presja-teatr-ktory-nie-daje-wyjscia\/\" \/>\n<meta property=\"article:modified_time\" content=\"2026-03-21T00:51:05+00:00\" \/>\n<meta property=\"og:image\" content=\"https:\/\/kubiccki.pl\/wp-content\/uploads\/2026\/03\/482220221_944548364553988_1631277883560453704_n.jpg\" \/>\n\t<meta property=\"og:image:width\" content=\"2000\" \/>\n\t<meta property=\"og:image:height\" content=\"1414\" \/>\n\t<meta property=\"og:image:type\" content=\"image\/jpeg\" \/>\n<meta name=\"twitter:card\" content=\"summary_large_image\" \/>\n<meta name=\"twitter:label1\" content=\"Szacowany czas czytania\" \/>\n\t<meta name=\"twitter:data1\" content=\"5 minut\" \/>\n<script type=\"application\/ld+json\" class=\"yoast-schema-graph\">{\"@context\":\"https:\\\/\\\/schema.org\",\"@graph\":[{\"@type\":\"WebPage\",\"@id\":\"https:\\\/\\\/kubiccki.pl\\\/index.php\\\/kaspar-cialo-pod-presja-teatr-ktory-nie-daje-wyjscia\\\/\",\"url\":\"https:\\\/\\\/kubiccki.pl\\\/index.php\\\/kaspar-cialo-pod-presja-teatr-ktory-nie-daje-wyjscia\\\/\",\"name\":\"Kaspar Teatr Biuro Podr\u00f3\u017cy -\",\"isPartOf\":{\"@id\":\"https:\\\/\\\/kubiccki.pl\\\/#website\"},\"primaryImageOfPage\":{\"@id\":\"https:\\\/\\\/kubiccki.pl\\\/index.php\\\/kaspar-cialo-pod-presja-teatr-ktory-nie-daje-wyjscia\\\/#primaryimage\"},\"image\":{\"@id\":\"https:\\\/\\\/kubiccki.pl\\\/index.php\\\/kaspar-cialo-pod-presja-teatr-ktory-nie-daje-wyjscia\\\/#primaryimage\"},\"thumbnailUrl\":\"https:\\\/\\\/kubiccki.pl\\\/wp-content\\\/uploads\\\/2026\\\/03\\\/482220221_944548364553988_1631277883560453704_n.jpg\",\"datePublished\":\"2026-03-20T23:39:16+00:00\",\"dateModified\":\"2026-03-21T00:51:05+00:00\",\"description\":\"Fotoreporta\u017c ze spektaklu \u201eKaspar\u201d Teatru Biuro Podr\u00f3\u017cy. Surowe obrazy cia\u0142a, napi\u0119cia i rytua\u0142u uchwycone w teatralnym \u015bwietle i cieniu.\",\"breadcrumb\":{\"@id\":\"https:\\\/\\\/kubiccki.pl\\\/index.php\\\/kaspar-cialo-pod-presja-teatr-ktory-nie-daje-wyjscia\\\/#breadcrumb\"},\"inLanguage\":\"pl-PL\",\"potentialAction\":[{\"@type\":\"ReadAction\",\"target\":[\"https:\\\/\\\/kubiccki.pl\\\/index.php\\\/kaspar-cialo-pod-presja-teatr-ktory-nie-daje-wyjscia\\\/\"]}]},{\"@type\":\"ImageObject\",\"inLanguage\":\"pl-PL\",\"@id\":\"https:\\\/\\\/kubiccki.pl\\\/index.php\\\/kaspar-cialo-pod-presja-teatr-ktory-nie-daje-wyjscia\\\/#primaryimage\",\"url\":\"https:\\\/\\\/kubiccki.pl\\\/wp-content\\\/uploads\\\/2026\\\/03\\\/482220221_944548364553988_1631277883560453704_n.jpg\",\"contentUrl\":\"https:\\\/\\\/kubiccki.pl\\\/wp-content\\\/uploads\\\/2026\\\/03\\\/482220221_944548364553988_1631277883560453704_n.jpg\",\"width\":2000,\"height\":1414,\"caption\":\"kaspar-teatr-biuro-podrozy-ogien-kubiccki.jpg\"},{\"@type\":\"BreadcrumbList\",\"@id\":\"https:\\\/\\\/kubiccki.pl\\\/index.php\\\/kaspar-cialo-pod-presja-teatr-ktory-nie-daje-wyjscia\\\/#breadcrumb\",\"itemListElement\":[{\"@type\":\"ListItem\",\"position\":1,\"name\":\"Strona g\u0142\u00f3wna\",\"item\":\"https:\\\/\\\/kubiccki.pl\\\/\"},{\"@type\":\"ListItem\",\"position\":2,\"name\":\"Kaspar Teatr Biuro Podr\u00f3\u017cy\"}]},{\"@type\":\"WebSite\",\"@id\":\"https:\\\/\\\/kubiccki.pl\\\/#website\",\"url\":\"https:\\\/\\\/kubiccki.pl\\\/\",\"name\":\"\",\"description\":\"KUBICCKI PRESS\",\"potentialAction\":[{\"@type\":\"SearchAction\",\"target\":{\"@type\":\"EntryPoint\",\"urlTemplate\":\"https:\\\/\\\/kubiccki.pl\\\/?s={search_term_string}\"},\"query-input\":{\"@type\":\"PropertyValueSpecification\",\"valueRequired\":true,\"valueName\":\"search_term_string\"}}],\"inLanguage\":\"pl-PL\"}]}<\/script>\n<!-- \/ Yoast SEO plugin. -->","yoast_head_json":{"title":"Kaspar Teatr Biuro Podr\u00f3\u017cy -","description":"Fotoreporta\u017c ze spektaklu \u201eKaspar\u201d Teatru Biuro Podr\u00f3\u017cy. Surowe obrazy cia\u0142a, napi\u0119cia i rytua\u0142u uchwycone w teatralnym \u015bwietle i cieniu.","robots":{"index":"index","follow":"follow","max-snippet":"max-snippet:-1","max-image-preview":"max-image-preview:large","max-video-preview":"max-video-preview:-1"},"canonical":"https:\/\/kubiccki.pl\/index.php\/kaspar-cialo-pod-presja-teatr-ktory-nie-daje-wyjscia\/","og_locale":"pl_PL","og_type":"article","og_description":"Kaspar Teatr Biuro Podr\u00f3\u017cy","og_url":"https:\/\/kubiccki.pl\/index.php\/kaspar-cialo-pod-presja-teatr-ktory-nie-daje-wyjscia\/","article_modified_time":"2026-03-21T00:51:05+00:00","og_image":[{"width":2000,"height":1414,"url":"https:\/\/kubiccki.pl\/wp-content\/uploads\/2026\/03\/482220221_944548364553988_1631277883560453704_n.jpg","type":"image\/jpeg"}],"twitter_card":"summary_large_image","twitter_misc":{"Szacowany czas czytania":"5 minut"},"schema":{"@context":"https:\/\/schema.org","@graph":[{"@type":"WebPage","@id":"https:\/\/kubiccki.pl\/index.php\/kaspar-cialo-pod-presja-teatr-ktory-nie-daje-wyjscia\/","url":"https:\/\/kubiccki.pl\/index.php\/kaspar-cialo-pod-presja-teatr-ktory-nie-daje-wyjscia\/","name":"Kaspar Teatr Biuro Podr\u00f3\u017cy -","isPartOf":{"@id":"https:\/\/kubiccki.pl\/#website"},"primaryImageOfPage":{"@id":"https:\/\/kubiccki.pl\/index.php\/kaspar-cialo-pod-presja-teatr-ktory-nie-daje-wyjscia\/#primaryimage"},"image":{"@id":"https:\/\/kubiccki.pl\/index.php\/kaspar-cialo-pod-presja-teatr-ktory-nie-daje-wyjscia\/#primaryimage"},"thumbnailUrl":"https:\/\/kubiccki.pl\/wp-content\/uploads\/2026\/03\/482220221_944548364553988_1631277883560453704_n.jpg","datePublished":"2026-03-20T23:39:16+00:00","dateModified":"2026-03-21T00:51:05+00:00","description":"Fotoreporta\u017c ze spektaklu \u201eKaspar\u201d Teatru Biuro Podr\u00f3\u017cy. Surowe obrazy cia\u0142a, napi\u0119cia i rytua\u0142u uchwycone w teatralnym \u015bwietle i cieniu.","breadcrumb":{"@id":"https:\/\/kubiccki.pl\/index.php\/kaspar-cialo-pod-presja-teatr-ktory-nie-daje-wyjscia\/#breadcrumb"},"inLanguage":"pl-PL","potentialAction":[{"@type":"ReadAction","target":["https:\/\/kubiccki.pl\/index.php\/kaspar-cialo-pod-presja-teatr-ktory-nie-daje-wyjscia\/"]}]},{"@type":"ImageObject","inLanguage":"pl-PL","@id":"https:\/\/kubiccki.pl\/index.php\/kaspar-cialo-pod-presja-teatr-ktory-nie-daje-wyjscia\/#primaryimage","url":"https:\/\/kubiccki.pl\/wp-content\/uploads\/2026\/03\/482220221_944548364553988_1631277883560453704_n.jpg","contentUrl":"https:\/\/kubiccki.pl\/wp-content\/uploads\/2026\/03\/482220221_944548364553988_1631277883560453704_n.jpg","width":2000,"height":1414,"caption":"kaspar-teatr-biuro-podrozy-ogien-kubiccki.jpg"},{"@type":"BreadcrumbList","@id":"https:\/\/kubiccki.pl\/index.php\/kaspar-cialo-pod-presja-teatr-ktory-nie-daje-wyjscia\/#breadcrumb","itemListElement":[{"@type":"ListItem","position":1,"name":"Strona g\u0142\u00f3wna","item":"https:\/\/kubiccki.pl\/"},{"@type":"ListItem","position":2,"name":"Kaspar Teatr Biuro Podr\u00f3\u017cy"}]},{"@type":"WebSite","@id":"https:\/\/kubiccki.pl\/#website","url":"https:\/\/kubiccki.pl\/","name":"","description":"KUBICCKI PRESS","potentialAction":[{"@type":"SearchAction","target":{"@type":"EntryPoint","urlTemplate":"https:\/\/kubiccki.pl\/?s={search_term_string}"},"query-input":{"@type":"PropertyValueSpecification","valueRequired":true,"valueName":"search_term_string"}}],"inLanguage":"pl-PL"}]}},"_links":{"self":[{"href":"https:\/\/kubiccki.pl\/index.php\/wp-json\/wp\/v2\/pages\/804","targetHints":{"allow":["GET"]}}],"collection":[{"href":"https:\/\/kubiccki.pl\/index.php\/wp-json\/wp\/v2\/pages"}],"about":[{"href":"https:\/\/kubiccki.pl\/index.php\/wp-json\/wp\/v2\/types\/page"}],"author":[{"embeddable":true,"href":"https:\/\/kubiccki.pl\/index.php\/wp-json\/wp\/v2\/users\/1"}],"replies":[{"embeddable":true,"href":"https:\/\/kubiccki.pl\/index.php\/wp-json\/wp\/v2\/comments?post=804"}],"version-history":[{"count":11,"href":"https:\/\/kubiccki.pl\/index.php\/wp-json\/wp\/v2\/pages\/804\/revisions"}],"predecessor-version":[{"id":833,"href":"https:\/\/kubiccki.pl\/index.php\/wp-json\/wp\/v2\/pages\/804\/revisions\/833"}],"wp:featuredmedia":[{"embeddable":true,"href":"https:\/\/kubiccki.pl\/index.php\/wp-json\/wp\/v2\/media\/805"}],"wp:attachment":[{"href":"https:\/\/kubiccki.pl\/index.php\/wp-json\/wp\/v2\/media?parent=804"}],"curies":[{"name":"wp","href":"https:\/\/api.w.org\/{rel}","templated":true}]}}