{"id":16,"date":"2025-08-10T11:12:15","date_gmt":"2025-08-10T11:12:15","guid":{"rendered":"http:\/\/kubiccki.pl\/?page_id=16"},"modified":"2026-03-22T18:40:34","modified_gmt":"2026-03-22T18:40:34","slug":"krzysztof-kubicki","status":"publish","type":"page","link":"https:\/\/kubiccki.pl\/","title":{"rendered":"Krzysztof Kubicki Photojournalist Protests Music Cultural Events Street Life Available for editorial assignments"},"content":{"rendered":"\n<div class=\"wp-block-buttons is-layout-flex wp-block-buttons-is-layout-flex\">\n<div class=\"wp-block-button\"><a class=\"wp-block-button__link has-background wp-element-button\" href=\"https:\/\/kubiccki.pl\/index.php\/kontakt-2\/\" style=\"background-color:#ffd51c\"><strong>Available for assignments<\/strong><\/a><\/div>\n<\/div>\n\n\n\n<p><strong>Documenting the edge of freedom.<\/strong><br>Based in the Netherlands. Available across Europe.<\/p>\n","protected":false},"excerpt":{"rendered":"<p>Documenting the edge of freedom.Based in the Netherlands. Available across Europe.<\/p>\n","protected":false},"author":1,"featured_media":727,"parent":0,"menu_order":0,"comment_status":"closed","ping_status":"closed","template":"","meta":{"footnotes":""},"class_list":["post-16","page","type-page","status-publish","has-post-thumbnail","hentry"],"featured_image_url":{"thumbnail":"https:\/\/kubiccki.pl\/wp-content\/uploads\/2026\/02\/473097286_906467725028719_2434790122856245164_n-150x150.jpg","medium":"https:\/\/kubiccki.pl\/wp-content\/uploads\/2026\/02\/473097286_906467725028719_2434790122856245164_n-300x169.jpg","medium_large":"https:\/\/kubiccki.pl\/wp-content\/uploads\/2026\/02\/473097286_906467725028719_2434790122856245164_n-768x432.jpg","large":"https:\/\/kubiccki.pl\/wp-content\/uploads\/2026\/02\/473097286_906467725028719_2434790122856245164_n-1024x576.jpg","1536x1536":"https:\/\/kubiccki.pl\/wp-content\/uploads\/2026\/02\/473097286_906467725028719_2434790122856245164_n-1536x864.jpg","2048x2048":"https:\/\/kubiccki.pl\/wp-content\/uploads\/2026\/02\/473097286_906467725028719_2434790122856245164_n.jpg"},"post_author":"admin","assigned_categories":"","yoast_head":"<!-- This site is optimized with the Yoast SEO plugin v27.4 - https:\/\/yoast.com\/product\/yoast-seo-wordpress\/ -->\n<title>Krzysztof Kubicki Photojournalist Protests Music Cultural Events Street Life Available for editorial assignments -<\/title>\n<meta name=\"description\" content=\"KUBICCKI \/ Krzysztof Kubicki. Most mi\u0119dzy reporta\u017cem a sztuk\u0105, mi\u0119dzy dokumentem a prawd\u0105 \u2013 to granica, kt\u00f3r\u0105 przekraczam w ka\u017cdym kadrze. Zapraszam do mojego \u015bwiata, gdzie ka\u017cde zdj\u0119cie ma swoj\u0105 dusz\u0119, pulsuj\u0105c\u0105 histori\u0105 walki o wolno\u015b\u0107. Wyr\u00f3\u017cniony przez National Geographic, dokumentuj\u0119 nie tylko fakty, ale i echo ludzkich dusz w codziennym chaosie \u017cycia.\" \/>\n<meta name=\"robots\" content=\"index, follow, max-snippet:-1, max-image-preview:large, max-video-preview:-1\" \/>\n<link rel=\"canonical\" href=\"https:\/\/kubiccki.pl\/\" \/>\n<meta property=\"og:locale\" content=\"pl_PL\" \/>\n<meta property=\"og:type\" content=\"article\" \/>\n<meta property=\"og:title\" content=\"KUBICCKI PRESS\" \/>\n<meta property=\"og:url\" content=\"https:\/\/kubiccki.pl\/\" \/>\n<meta property=\"article:modified_time\" content=\"2026-03-22T18:40:34+00:00\" \/>\n<meta property=\"og:image\" content=\"https:\/\/kubiccki.pl\/wp-content\/uploads\/2026\/02\/473097286_906467725028719_2434790122856245164_n.jpg\" \/>\n\t<meta property=\"og:image:width\" content=\"2000\" \/>\n\t<meta property=\"og:image:height\" content=\"1125\" \/>\n\t<meta property=\"og:image:type\" content=\"image\/jpeg\" \/>\n<meta name=\"twitter:card\" content=\"summary_large_image\" \/>\n<meta name=\"twitter:label1\" content=\"Szacowany czas czytania\" \/>\n\t<meta name=\"twitter:data1\" content=\"1 minuta\" \/>\n<script type=\"application\/ld+json\" class=\"yoast-schema-graph\">{\"@context\":\"https:\\\/\\\/schema.org\",\"@graph\":[{\"@type\":\"WebPage\",\"@id\":\"https:\\\/\\\/kubiccki.pl\\\/\",\"url\":\"https:\\\/\\\/kubiccki.pl\\\/\",\"name\":\"Krzysztof Kubicki Photojournalist Protests Music Cultural Events Street Life Available for editorial assignments -\",\"isPartOf\":{\"@id\":\"https:\\\/\\\/kubiccki.pl\\\/#website\"},\"primaryImageOfPage\":{\"@id\":\"https:\\\/\\\/kubiccki.pl\\\/#primaryimage\"},\"image\":{\"@id\":\"https:\\\/\\\/kubiccki.pl\\\/#primaryimage\"},\"thumbnailUrl\":\"https:\\\/\\\/kubiccki.pl\\\/wp-content\\\/uploads\\\/2026\\\/02\\\/473097286_906467725028719_2434790122856245164_n.jpg\",\"datePublished\":\"2025-08-10T11:12:15+00:00\",\"dateModified\":\"2026-03-22T18:40:34+00:00\",\"description\":\"KUBICCKI \\\/ Krzysztof Kubicki. Most mi\u0119dzy reporta\u017cem a sztuk\u0105, mi\u0119dzy dokumentem a prawd\u0105 \u2013 to granica, kt\u00f3r\u0105 przekraczam w ka\u017cdym kadrze. Zapraszam do mojego \u015bwiata, gdzie ka\u017cde zdj\u0119cie ma swoj\u0105 dusz\u0119, pulsuj\u0105c\u0105 histori\u0105 walki o wolno\u015b\u0107. Wyr\u00f3\u017cniony przez National Geographic, dokumentuj\u0119 nie tylko fakty, ale i echo ludzkich dusz w codziennym chaosie \u017cycia.\",\"breadcrumb\":{\"@id\":\"https:\\\/\\\/kubiccki.pl\\\/#breadcrumb\"},\"inLanguage\":\"pl-PL\",\"potentialAction\":[{\"@type\":\"ReadAction\",\"target\":[\"https:\\\/\\\/kubiccki.pl\\\/\"]}]},{\"@type\":\"ImageObject\",\"inLanguage\":\"pl-PL\",\"@id\":\"https:\\\/\\\/kubiccki.pl\\\/#primaryimage\",\"url\":\"https:\\\/\\\/kubiccki.pl\\\/wp-content\\\/uploads\\\/2026\\\/02\\\/473097286_906467725028719_2434790122856245164_n.jpg\",\"contentUrl\":\"https:\\\/\\\/kubiccki.pl\\\/wp-content\\\/uploads\\\/2026\\\/02\\\/473097286_906467725028719_2434790122856245164_n.jpg\",\"width\":2000,\"height\":1125},{\"@type\":\"BreadcrumbList\",\"@id\":\"https:\\\/\\\/kubiccki.pl\\\/#breadcrumb\",\"itemListElement\":[{\"@type\":\"ListItem\",\"position\":1,\"name\":\"Strona g\u0142\u00f3wna\",\"item\":\"https:\\\/\\\/kubiccki.pl\\\/\"},{\"@type\":\"ListItem\",\"position\":2,\"name\":\"Krzysztof Kubicki Photojournalist Protests Music Cultural Events Street Life Available for editorial assignments\"}]},{\"@type\":\"WebSite\",\"@id\":\"https:\\\/\\\/kubiccki.pl\\\/#website\",\"url\":\"https:\\\/\\\/kubiccki.pl\\\/\",\"name\":\"\",\"description\":\"KUBICCKI PRESS\",\"potentialAction\":[{\"@type\":\"SearchAction\",\"target\":{\"@type\":\"EntryPoint\",\"urlTemplate\":\"https:\\\/\\\/kubiccki.pl\\\/?s={search_term_string}\"},\"query-input\":{\"@type\":\"PropertyValueSpecification\",\"valueRequired\":true,\"valueName\":\"search_term_string\"}}],\"inLanguage\":\"pl-PL\"}]}<\/script>\n<!-- \/ Yoast SEO plugin. -->","yoast_head_json":{"title":"Krzysztof Kubicki Photojournalist Protests Music Cultural Events Street Life Available for editorial assignments -","description":"KUBICCKI \/ Krzysztof Kubicki. Most mi\u0119dzy reporta\u017cem a sztuk\u0105, mi\u0119dzy dokumentem a prawd\u0105 \u2013 to granica, kt\u00f3r\u0105 przekraczam w ka\u017cdym kadrze. Zapraszam do mojego \u015bwiata, gdzie ka\u017cde zdj\u0119cie ma swoj\u0105 dusz\u0119, pulsuj\u0105c\u0105 histori\u0105 walki o wolno\u015b\u0107. Wyr\u00f3\u017cniony przez National Geographic, dokumentuj\u0119 nie tylko fakty, ale i echo ludzkich dusz w codziennym chaosie \u017cycia.","robots":{"index":"index","follow":"follow","max-snippet":"max-snippet:-1","max-image-preview":"max-image-preview:large","max-video-preview":"max-video-preview:-1"},"canonical":"https:\/\/kubiccki.pl\/","og_locale":"pl_PL","og_type":"article","og_title":"KUBICCKI PRESS","og_url":"https:\/\/kubiccki.pl\/","article_modified_time":"2026-03-22T18:40:34+00:00","og_image":[{"width":2000,"height":1125,"url":"https:\/\/kubiccki.pl\/wp-content\/uploads\/2026\/02\/473097286_906467725028719_2434790122856245164_n.jpg","type":"image\/jpeg"}],"twitter_card":"summary_large_image","twitter_misc":{"Szacowany czas czytania":"1 minuta"},"schema":{"@context":"https:\/\/schema.org","@graph":[{"@type":"WebPage","@id":"https:\/\/kubiccki.pl\/","url":"https:\/\/kubiccki.pl\/","name":"Krzysztof Kubicki Photojournalist Protests Music Cultural Events Street Life Available for editorial assignments -","isPartOf":{"@id":"https:\/\/kubiccki.pl\/#website"},"primaryImageOfPage":{"@id":"https:\/\/kubiccki.pl\/#primaryimage"},"image":{"@id":"https:\/\/kubiccki.pl\/#primaryimage"},"thumbnailUrl":"https:\/\/kubiccki.pl\/wp-content\/uploads\/2026\/02\/473097286_906467725028719_2434790122856245164_n.jpg","datePublished":"2025-08-10T11:12:15+00:00","dateModified":"2026-03-22T18:40:34+00:00","description":"KUBICCKI \/ Krzysztof Kubicki. Most mi\u0119dzy reporta\u017cem a sztuk\u0105, mi\u0119dzy dokumentem a prawd\u0105 \u2013 to granica, kt\u00f3r\u0105 przekraczam w ka\u017cdym kadrze. Zapraszam do mojego \u015bwiata, gdzie ka\u017cde zdj\u0119cie ma swoj\u0105 dusz\u0119, pulsuj\u0105c\u0105 histori\u0105 walki o wolno\u015b\u0107. Wyr\u00f3\u017cniony przez National Geographic, dokumentuj\u0119 nie tylko fakty, ale i echo ludzkich dusz w codziennym chaosie \u017cycia.","breadcrumb":{"@id":"https:\/\/kubiccki.pl\/#breadcrumb"},"inLanguage":"pl-PL","potentialAction":[{"@type":"ReadAction","target":["https:\/\/kubiccki.pl\/"]}]},{"@type":"ImageObject","inLanguage":"pl-PL","@id":"https:\/\/kubiccki.pl\/#primaryimage","url":"https:\/\/kubiccki.pl\/wp-content\/uploads\/2026\/02\/473097286_906467725028719_2434790122856245164_n.jpg","contentUrl":"https:\/\/kubiccki.pl\/wp-content\/uploads\/2026\/02\/473097286_906467725028719_2434790122856245164_n.jpg","width":2000,"height":1125},{"@type":"BreadcrumbList","@id":"https:\/\/kubiccki.pl\/#breadcrumb","itemListElement":[{"@type":"ListItem","position":1,"name":"Strona g\u0142\u00f3wna","item":"https:\/\/kubiccki.pl\/"},{"@type":"ListItem","position":2,"name":"Krzysztof Kubicki Photojournalist Protests Music Cultural Events Street Life Available for editorial assignments"}]},{"@type":"WebSite","@id":"https:\/\/kubiccki.pl\/#website","url":"https:\/\/kubiccki.pl\/","name":"","description":"KUBICCKI PRESS","potentialAction":[{"@type":"SearchAction","target":{"@type":"EntryPoint","urlTemplate":"https:\/\/kubiccki.pl\/?s={search_term_string}"},"query-input":{"@type":"PropertyValueSpecification","valueRequired":true,"valueName":"search_term_string"}}],"inLanguage":"pl-PL"}]}},"_links":{"self":[{"href":"https:\/\/kubiccki.pl\/index.php\/wp-json\/wp\/v2\/pages\/16","targetHints":{"allow":["GET"]}}],"collection":[{"href":"https:\/\/kubiccki.pl\/index.php\/wp-json\/wp\/v2\/pages"}],"about":[{"href":"https:\/\/kubiccki.pl\/index.php\/wp-json\/wp\/v2\/types\/page"}],"author":[{"embeddable":true,"href":"https:\/\/kubiccki.pl\/index.php\/wp-json\/wp\/v2\/users\/1"}],"replies":[{"embeddable":true,"href":"https:\/\/kubiccki.pl\/index.php\/wp-json\/wp\/v2\/comments?post=16"}],"version-history":[{"count":76,"href":"https:\/\/kubiccki.pl\/index.php\/wp-json\/wp\/v2\/pages\/16\/revisions"}],"predecessor-version":[{"id":839,"href":"https:\/\/kubiccki.pl\/index.php\/wp-json\/wp\/v2\/pages\/16\/revisions\/839"}],"wp:featuredmedia":[{"embeddable":true,"href":"https:\/\/kubiccki.pl\/index.php\/wp-json\/wp\/v2\/media\/727"}],"wp:attachment":[{"href":"https:\/\/kubiccki.pl\/index.php\/wp-json\/wp\/v2\/media?parent=16"}],"curies":[{"name":"wp","href":"https:\/\/api.w.org\/{rel}","templated":true}]}}