{"id":108,"date":"2025-08-26T18:20:33","date_gmt":"2025-08-26T18:20:33","guid":{"rendered":"https:\/\/kubiccki.pl\/?page_id=108"},"modified":"2025-10-30T11:12:16","modified_gmt":"2025-10-30T11:12:16","slug":"108-2","status":"publish","type":"page","link":"https:\/\/kubiccki.pl\/index.php\/108-2\/","title":{"rendered":"KUBICCKI PRESS PHOTO"},"content":{"rendered":"\n<div class=\"wp-block-query alignfull is-layout-flow wp-block-query-is-layout-flow\">\n<div class=\"wp-block-group alignfull is-layout-flow wp-block-group-is-layout-flow\" style=\"padding-top:var(--wp--preset--spacing--40);padding-right:var(--wp--preset--spacing--40);padding-bottom:var(--wp--preset--spacing--40);padding-left:var(--wp--preset--spacing--40)\"><ul style=\"text-transform:none;\" class=\"wp-block-post-template is-layout-flow wp-block-post-template-is-layout-flow\"><li class=\"wp-block-post post-731 post type-post status-publish format-standard hentry category-street-art\">\n\n<div class=\"wp-block-group has-global-padding is-content-justification-left is-layout-constrained wp-container-core-group-is-layout-177c594d wp-block-group-is-layout-constrained\">\n<div class=\"wp-block-group is-vertical is-layout-flex wp-container-core-group-is-layout-cedeea28 wp-block-group-is-layout-flex\" style=\"padding-bottom:var(--wp--preset--spacing--80)\"><div style=\"font-size:clamp(0.813rem, 0.813rem + ((1vw - 0.244rem) * 0.133), 0.9rem);letter-spacing:1px; margin-top:0;margin-right:0;margin-bottom:0;margin-left:0;\" class=\"has-text-align-left has-link-color wp-elements-5599b62b56904c5408ce764ba1a18b73 wp-block-post-date has-text-color has-contrast-color\"><time datetime=\"2026-03-03T23:43:11+00:00\">3\/3\/2026<\/time><\/div>\n\n\n<div class=\"wp-block-group has-global-padding is-layout-constrained wp-block-group-is-layout-constrained\" style=\"margin-top:0;margin-bottom:0\"><h2 style=\"font-size:clamp(2.46rem, 2.46rem + ((1vw - 0.244rem) * 3.261), 4.6rem);font-style:normal;font-weight:600;line-height:1;\" class=\"has-link-color wp-elements-6c63676d444148112043a3d23d59cf70 wp-block-post-title has-text-color has-contrast-color\"><a href=\"https:\/\/kubiccki.pl\/index.php\/2026\/03\/03\/amsterdam-march-1-2026-thousands-of-iranians-take-to-the-streets-following-reports-of-the-supreme-leaders-fall\/\" target=\"_self\">Amsterdam, March 1, 2026: Thousands of Iranians Take to the Streets Following Reports of the Supreme Leader\u2019s Fall<\/a><\/h2>\n\n<div style=\"line-height:1.7;\" class=\"wp-block-post-excerpt has-small-font-size\"><p class=\"wp-block-post-excerpt__excerpt\">From Dam Square to Museumplein: Iranian Diaspora Protest in Amsterdam On March 1, members of the Iranian diaspora gathered at Dam Square in Amsterdam for a demonstration addressing the political situation in Iran. The march followed the events of February 28 in Iran, which prompted strong reactions among Iranian communities abroad and served as a&hellip; <\/p><\/div><\/div>\n<\/div>\n<\/div>\n\n<\/li><li class=\"wp-block-post post-548 post type-post status-publish format-standard hentry category-street-art\">\n\n<div class=\"wp-block-group has-global-padding is-content-justification-left is-layout-constrained wp-container-core-group-is-layout-177c594d wp-block-group-is-layout-constrained\">\n<div class=\"wp-block-group is-vertical is-layout-flex wp-container-core-group-is-layout-cedeea28 wp-block-group-is-layout-flex\" style=\"padding-bottom:var(--wp--preset--spacing--80)\"><div style=\"font-size:clamp(0.813rem, 0.813rem + ((1vw - 0.244rem) * 0.133), 0.9rem);letter-spacing:1px; margin-top:0;margin-right:0;margin-bottom:0;margin-left:0;\" class=\"has-text-align-left has-link-color wp-elements-5599b62b56904c5408ce764ba1a18b73 wp-block-post-date has-text-color has-contrast-color\"><time datetime=\"2025-10-30T21:10:01+00:00\">10\/30\/2025<\/time><\/div>\n\n\n<div class=\"wp-block-group has-global-padding is-layout-constrained wp-block-group-is-layout-constrained\" style=\"margin-top:0;margin-bottom:0\"><h2 style=\"font-size:clamp(2.46rem, 2.46rem + ((1vw - 0.244rem) * 3.261), 4.6rem);font-style:normal;font-weight:600;line-height:1;\" class=\"has-link-color wp-elements-6c63676d444148112043a3d23d59cf70 wp-block-post-title has-text-color has-contrast-color\"><a href=\"https:\/\/kubiccki.pl\/index.php\/2025\/10\/30\/to-tylko-zdjecie-jednak-wszystko-amsterdam-michelin\/\" target=\"_self\">To tylko zdj\u0119cie. Jednak wszystko AMSTERDAM MICHELIN<\/a><\/h2>\n\n<div style=\"line-height:1.7;\" class=\"wp-block-post-excerpt has-small-font-size\"><p class=\"wp-block-post-excerpt__excerpt\">Bar TwentySeven \u2013 gwiazdka Michelin spada na AmsterdamUlica dr\u017cy od fleszy i cichego napi\u0119cia. Przed wej\u015bciem do Bar TwentySeven \u2013 scena jak z kroniki haute cuisine: wr\u0119czenie gwiazdki Michelin. Eric Toren trzyma tablic\u0119 z logotypem jak relikwi\u0119, moment triumfu. Kilka sekund, kt\u00f3re wa\u017c\u0105 tyle co lata pracy. To nie tylko nagroda \u2013 to stempel doskona\u0142o\u015bci,&hellip; <\/p><\/div><\/div>\n<\/div>\n<\/div>\n\n<\/li><li class=\"wp-block-post post-523 post type-post status-publish format-standard has-post-thumbnail hentry category-street-art\">\n\n<div class=\"wp-block-group has-global-padding is-content-justification-left is-layout-constrained wp-container-core-group-is-layout-177c594d wp-block-group-is-layout-constrained\">\n<div class=\"wp-block-group is-vertical is-layout-flex wp-container-core-group-is-layout-cedeea28 wp-block-group-is-layout-flex\" style=\"padding-bottom:var(--wp--preset--spacing--80)\"><div style=\"font-size:clamp(0.813rem, 0.813rem + ((1vw - 0.244rem) * 0.133), 0.9rem);letter-spacing:1px; margin-top:0;margin-right:0;margin-bottom:0;margin-left:0;\" class=\"has-text-align-left has-link-color wp-elements-5599b62b56904c5408ce764ba1a18b73 wp-block-post-date has-text-color has-contrast-color\"><time datetime=\"2025-10-26T12:37:00+00:00\">10\/26\/2025<\/time><\/div>\n\n\n<div class=\"wp-block-group has-global-padding is-layout-constrained wp-block-group-is-layout-constrained\" style=\"margin-top:0;margin-bottom:0\"><h2 style=\"font-size:clamp(2.46rem, 2.46rem + ((1vw - 0.244rem) * 3.261), 4.6rem);font-style:normal;font-weight:600;line-height:1;\" class=\"has-link-color wp-elements-6c63676d444148112043a3d23d59cf70 wp-block-post-title has-text-color has-contrast-color\"><a href=\"https:\/\/kubiccki.pl\/index.php\/2025\/10\/26\/human-rights-review\/\" target=\"_self\">Human Rights Review<\/a><\/h2>\n\n<div style=\"line-height:1.7;\" class=\"wp-block-post-excerpt has-small-font-size\"><p class=\"wp-block-post-excerpt__excerpt\">Wsp\u00f3\u0142czesne spojrzenie na globaln\u0105 architektur\u0119 nadzoru. W 2025 roku \u015bwiat wszed\u0142 w now\u0105 epok\u0119 zarz\u0105dzania cz\u0142owiekiem poprzez dane. Pod has\u0142em \u201eefektywno\u015bci\u201d, \u201ezr\u00f3wnowa\u017conego rozwoju\u201d i \u201ecyfrowej transformacji\u201d rozpocz\u0105\u0142 si\u0119 proces, kt\u00f3ry w przysz\u0142o\u015bci mo\u017ce zosta\u0107 uznany za najwi\u0119ksze naruszenie praw cz\u0142owieka od czas\u00f3w wynalezienia internetu. To, co mia\u0142o demokratyzowa\u0107 \u2013 centralizuje. To, co mia\u0142o chroni\u0107 \u2013&hellip; <\/p><\/div><\/div>\n<\/div>\n<\/div>\n\n<\/li><\/ul><\/div>\n\n\n\n<div class=\"wp-block-group has-global-padding is-content-justification-left is-layout-constrained wp-container-core-group-is-layout-9821ac42 wp-block-group-is-layout-constrained\" style=\"margin-top:0;margin-bottom:0;padding-top:0;padding-right:var(--wp--preset--spacing--40);padding-bottom:var(--wp--preset--spacing--40);padding-left:var(--wp--preset--spacing--40)\"><nav class=\"wp-block-query-pagination is-content-justification-left is-nowrap is-layout-flex wp-container-core-query-pagination-is-layout-fc9f69e7 wp-block-query-pagination-is-layout-flex\" aria-label=\"Stronicowanie\">\n\n\n<a href=\"\/index.php\/wp-json\/wp\/v2\/pages\/108?query-31-page=2\" style=\"font-size:clamp(0.813rem, 0.813rem + ((1vw - 0.244rem) * 0.133), 0.9rem);text-transform:uppercase;letter-spacing:1px;\" class=\"wp-elements-165a8aa96a7546446f11c5f70728c230 wp-block-query-pagination-next\">Nast\u0119pna strona<\/a>\n<\/nav><\/div>\n<\/div>\n\n\n\n<p><\/p>\n","protected":false},"excerpt":{"rendered":"","protected":false},"author":1,"featured_media":435,"parent":0,"menu_order":0,"comment_status":"closed","ping_status":"closed","template":"","meta":{"footnotes":""},"class_list":["post-108","page","type-page","status-publish","has-post-thumbnail","hentry"],"featured_image_url":{"thumbnail":"https:\/\/kubiccki.pl\/wp-content\/uploads\/2025\/10\/1759685621244-01-150x150.jpeg","medium":"https:\/\/kubiccki.pl\/wp-content\/uploads\/2025\/10\/1759685621244-01-300x166.jpeg","medium_large":"https:\/\/kubiccki.pl\/wp-content\/uploads\/2025\/10\/1759685621244-01-768x424.jpeg","large":"https:\/\/kubiccki.pl\/wp-content\/uploads\/2025\/10\/1759685621244-01-1024x565.jpeg","1536x1536":"https:\/\/kubiccki.pl\/wp-content\/uploads\/2025\/10\/1759685621244-01-1536x847.jpeg","2048x2048":"https:\/\/kubiccki.pl\/wp-content\/uploads\/2025\/10\/1759685621244-01.jpeg"},"post_author":"admin","assigned_categories":"","yoast_head":"<!-- This site is optimized with the Yoast SEO plugin v27.4 - https:\/\/yoast.com\/product\/yoast-seo-wordpress\/ -->\n<title>KUBICCKI PRESS PHOTO -<\/title>\n<meta name=\"robots\" content=\"index, follow, max-snippet:-1, max-image-preview:large, max-video-preview:-1\" \/>\n<link rel=\"canonical\" href=\"https:\/\/kubiccki.pl\/index.php\/108-2\/\" \/>\n<link rel=\"next\" href=\"https:\/\/kubiccki.pl\/index.php\/108-2\/108?query-31-page=2\" \/>\n<meta property=\"og:locale\" content=\"pl_PL\" \/>\n<meta property=\"og:type\" content=\"article\" \/>\n<meta property=\"og:title\" content=\"KUBICCKI PRESS PHOTO -\" \/>\n<meta property=\"og:url\" content=\"https:\/\/kubiccki.pl\/index.php\/108-2\/\" \/>\n<meta property=\"article:modified_time\" content=\"2025-10-30T11:12:16+00:00\" \/>\n<meta property=\"og:image\" content=\"https:\/\/kubiccki.pl\/wp-content\/uploads\/2025\/10\/1759685621244-01.jpeg\" \/>\n\t<meta property=\"og:image:width\" content=\"1992\" \/>\n\t<meta property=\"og:image:height\" content=\"1099\" \/>\n\t<meta property=\"og:image:type\" content=\"image\/jpeg\" \/>\n<meta name=\"twitter:card\" content=\"summary_large_image\" \/>\n<meta name=\"twitter:label1\" content=\"Szacowany czas czytania\" \/>\n\t<meta name=\"twitter:data1\" content=\"1 minuta\" \/>\n<script type=\"application\/ld+json\" class=\"yoast-schema-graph\">{\"@context\":\"https:\\\/\\\/schema.org\",\"@graph\":[{\"@type\":\"WebPage\",\"@id\":\"https:\\\/\\\/kubiccki.pl\\\/index.php\\\/108-2\\\/\",\"url\":\"https:\\\/\\\/kubiccki.pl\\\/index.php\\\/108-2\\\/\",\"name\":\"KUBICCKI PRESS PHOTO -\",\"isPartOf\":{\"@id\":\"https:\\\/\\\/kubiccki.pl\\\/#website\"},\"primaryImageOfPage\":{\"@id\":\"https:\\\/\\\/kubiccki.pl\\\/index.php\\\/108-2\\\/#primaryimage\"},\"image\":{\"@id\":\"https:\\\/\\\/kubiccki.pl\\\/index.php\\\/108-2\\\/#primaryimage\"},\"thumbnailUrl\":\"https:\\\/\\\/kubiccki.pl\\\/wp-content\\\/uploads\\\/2025\\\/10\\\/1759685621244-01.jpeg\",\"datePublished\":\"2025-08-26T18:20:33+00:00\",\"dateModified\":\"2025-10-30T11:12:16+00:00\",\"breadcrumb\":{\"@id\":\"https:\\\/\\\/kubiccki.pl\\\/index.php\\\/108-2\\\/#breadcrumb\"},\"inLanguage\":\"pl-PL\",\"potentialAction\":[{\"@type\":\"ReadAction\",\"target\":[\"https:\\\/\\\/kubiccki.pl\\\/index.php\\\/108-2\\\/\"]}]},{\"@type\":\"ImageObject\",\"inLanguage\":\"pl-PL\",\"@id\":\"https:\\\/\\\/kubiccki.pl\\\/index.php\\\/108-2\\\/#primaryimage\",\"url\":\"https:\\\/\\\/kubiccki.pl\\\/wp-content\\\/uploads\\\/2025\\\/10\\\/1759685621244-01.jpeg\",\"contentUrl\":\"https:\\\/\\\/kubiccki.pl\\\/wp-content\\\/uploads\\\/2025\\\/10\\\/1759685621244-01.jpeg\",\"width\":1992,\"height\":1099},{\"@type\":\"BreadcrumbList\",\"@id\":\"https:\\\/\\\/kubiccki.pl\\\/index.php\\\/108-2\\\/#breadcrumb\",\"itemListElement\":[{\"@type\":\"ListItem\",\"position\":1,\"name\":\"Strona g\u0142\u00f3wna\",\"item\":\"https:\\\/\\\/kubiccki.pl\\\/\"},{\"@type\":\"ListItem\",\"position\":2,\"name\":\"KUBICCKI PRESS PHOTO\"}]},{\"@type\":\"WebSite\",\"@id\":\"https:\\\/\\\/kubiccki.pl\\\/#website\",\"url\":\"https:\\\/\\\/kubiccki.pl\\\/\",\"name\":\"\",\"description\":\"KUBICCKI PRESS\",\"potentialAction\":[{\"@type\":\"SearchAction\",\"target\":{\"@type\":\"EntryPoint\",\"urlTemplate\":\"https:\\\/\\\/kubiccki.pl\\\/?s={search_term_string}\"},\"query-input\":{\"@type\":\"PropertyValueSpecification\",\"valueRequired\":true,\"valueName\":\"search_term_string\"}}],\"inLanguage\":\"pl-PL\"}]}<\/script>\n<!-- \/ Yoast SEO plugin. -->","yoast_head_json":{"title":"KUBICCKI PRESS PHOTO -","robots":{"index":"index","follow":"follow","max-snippet":"max-snippet:-1","max-image-preview":"max-image-preview:large","max-video-preview":"max-video-preview:-1"},"canonical":"https:\/\/kubiccki.pl\/index.php\/108-2\/","next":"https:\/\/kubiccki.pl\/index.php\/108-2\/108?query-31-page=2","og_locale":"pl_PL","og_type":"article","og_title":"KUBICCKI PRESS PHOTO -","og_url":"https:\/\/kubiccki.pl\/index.php\/108-2\/","article_modified_time":"2025-10-30T11:12:16+00:00","og_image":[{"width":1992,"height":1099,"url":"https:\/\/kubiccki.pl\/wp-content\/uploads\/2025\/10\/1759685621244-01.jpeg","type":"image\/jpeg"}],"twitter_card":"summary_large_image","twitter_misc":{"Szacowany czas czytania":"1 minuta"},"schema":{"@context":"https:\/\/schema.org","@graph":[{"@type":"WebPage","@id":"https:\/\/kubiccki.pl\/index.php\/108-2\/","url":"https:\/\/kubiccki.pl\/index.php\/108-2\/","name":"KUBICCKI PRESS PHOTO -","isPartOf":{"@id":"https:\/\/kubiccki.pl\/#website"},"primaryImageOfPage":{"@id":"https:\/\/kubiccki.pl\/index.php\/108-2\/#primaryimage"},"image":{"@id":"https:\/\/kubiccki.pl\/index.php\/108-2\/#primaryimage"},"thumbnailUrl":"https:\/\/kubiccki.pl\/wp-content\/uploads\/2025\/10\/1759685621244-01.jpeg","datePublished":"2025-08-26T18:20:33+00:00","dateModified":"2025-10-30T11:12:16+00:00","breadcrumb":{"@id":"https:\/\/kubiccki.pl\/index.php\/108-2\/#breadcrumb"},"inLanguage":"pl-PL","potentialAction":[{"@type":"ReadAction","target":["https:\/\/kubiccki.pl\/index.php\/108-2\/"]}]},{"@type":"ImageObject","inLanguage":"pl-PL","@id":"https:\/\/kubiccki.pl\/index.php\/108-2\/#primaryimage","url":"https:\/\/kubiccki.pl\/wp-content\/uploads\/2025\/10\/1759685621244-01.jpeg","contentUrl":"https:\/\/kubiccki.pl\/wp-content\/uploads\/2025\/10\/1759685621244-01.jpeg","width":1992,"height":1099},{"@type":"BreadcrumbList","@id":"https:\/\/kubiccki.pl\/index.php\/108-2\/#breadcrumb","itemListElement":[{"@type":"ListItem","position":1,"name":"Strona g\u0142\u00f3wna","item":"https:\/\/kubiccki.pl\/"},{"@type":"ListItem","position":2,"name":"KUBICCKI PRESS PHOTO"}]},{"@type":"WebSite","@id":"https:\/\/kubiccki.pl\/#website","url":"https:\/\/kubiccki.pl\/","name":"","description":"KUBICCKI PRESS","potentialAction":[{"@type":"SearchAction","target":{"@type":"EntryPoint","urlTemplate":"https:\/\/kubiccki.pl\/?s={search_term_string}"},"query-input":{"@type":"PropertyValueSpecification","valueRequired":true,"valueName":"search_term_string"}}],"inLanguage":"pl-PL"}]}},"_links":{"self":[{"href":"https:\/\/kubiccki.pl\/index.php\/wp-json\/wp\/v2\/pages\/108","targetHints":{"allow":["GET"]}}],"collection":[{"href":"https:\/\/kubiccki.pl\/index.php\/wp-json\/wp\/v2\/pages"}],"about":[{"href":"https:\/\/kubiccki.pl\/index.php\/wp-json\/wp\/v2\/types\/page"}],"author":[{"embeddable":true,"href":"https:\/\/kubiccki.pl\/index.php\/wp-json\/wp\/v2\/users\/1"}],"replies":[{"embeddable":true,"href":"https:\/\/kubiccki.pl\/index.php\/wp-json\/wp\/v2\/comments?post=108"}],"version-history":[{"count":29,"href":"https:\/\/kubiccki.pl\/index.php\/wp-json\/wp\/v2\/pages\/108\/revisions"}],"predecessor-version":[{"id":540,"href":"https:\/\/kubiccki.pl\/index.php\/wp-json\/wp\/v2\/pages\/108\/revisions\/540"}],"wp:featuredmedia":[{"embeddable":true,"href":"https:\/\/kubiccki.pl\/index.php\/wp-json\/wp\/v2\/media\/435"}],"wp:attachment":[{"href":"https:\/\/kubiccki.pl\/index.php\/wp-json\/wp\/v2\/media?parent=108"}],"curies":[{"name":"wp","href":"https:\/\/api.w.org\/{rel}","templated":true}]}}